{"id":306906,"date":"2023-06-02T08:47:36","date_gmt":"2023-06-02T07:47:36","guid":{"rendered":"https:\/\/www.deltamicroscopies.com\/?post_type=product&#038;p=306906"},"modified":"2023-06-02T08:56:35","modified_gmt":"2023-06-02T07:56:35","slug":"option-de-code-barres-cryo-em-puck-mitegen","status":"publish","type":"product","link":"https:\/\/www.deltamicroscopies.com\/en\/products\/option-de-code-barres-cryo-em-puck-mitegen\/","title":{"rendered":"Option de code-barres Cryo-EM Puck MITEGEN"},"content":{"rendered":"<div class=\"woocommerce-product-details__short-description\">\n<p><span>La rondelle Cryo-EM MiTeGen de 2e g\u00e9n\u00e9ration est dot\u00e9e d&#8217;un code-barres.\u00a0Le code-barres peut \u00eatre personnalis\u00e9 GRATUITEMENT si vous le souhaitez.<\/span><\/p>\n<p><span>L&#8217;ajout d&#8217;un code-barres \u00e0 vos rondelles MiTeGen CryoEM permettra un suivi facile.\u00a0Si vous choisissez cette option de personnalisation, chaque rondelle recevra son propre code-barres.<\/span><\/p>\n<\/div>\n<form class=\"cart\" action=\"https:\/\/www.mitegen.com\/product\/cryoem-puck-barcode-option\/\" enctype=\"multipart\/form-data\" method=\"post\">\n<div class=\"wc-pao-addons-container\">\n<div class=\"wc-pao-addon-container wc-pao-required-addon wc-pao-addon wc-pao-addon-18233-0\" data-product-name=\"Cryo-EM Puck Barcode Option\"><label class=\"wc-pao-addon-name\" for=\"addon-18233-0\" data-addon-name=\"CUSTOM BARCODE RANGE\" data-has-per-person-pricing=\"\" data-has-per-block-pricing=\"\"><span>GAMME DE CODE-BARRES PERSONNALIS\u00c9S\u00a0<\/span><\/label><\/p>\n<div class=\"wc-pao-addon-description\">\n<p><span>Si vous avez une gamme sp\u00e9cifique de codes-barres que vous aimeriez pour vos rondelles, <strong>communiquez la nous (3 lettres) lors de la commande<\/strong>.<\/span><\/p>\n<p><span>Ou nous g\u00e9n\u00e9rerons une gamme unique de codes pour vous (par exemple, ABC-001 \u2014 ABC-007)<\/span><\/p>\n<\/div>\n<\/div>\n<\/div>\n<\/form>\n<p>&nbsp;<\/p>\n<p><a href=\"https:\/\/youtu.be\/RUrTQELjS1c\">https:\/\/youtu.be\/RUrTQELjS1c<\/a><\/p>\n<p>&nbsp;<\/p>\n<table style=\"width: 86.78%; border-collapse: collapse;\">\n<tbody>\n<tr>\n<td style=\"width: 27.35%; text-align: center;\"><a href=\"https:\/\/efb7cwj5g4q.exactdn.com\/wp-content\/uploads\/2019\/09\/71168g_tmb.jpg?strip=all&w=2560\"><img decoding=\"async\" class=\"alignnone wp-image-231713\" src=\"https:\/\/efb7cwj5g4q.exactdn.com\/wp-content\/uploads\/2019\/09\/71168g_tmb.jpg?strip=all&resize=257%2C193\" alt=\"\" width=\"257\" height=\"193\" \/><\/a><\/td>\n<td style=\"width: 26.35%; text-align: center;\"><a href=\"https:\/\/efb7cwj5g4q.exactdn.com\/wp-content\/uploads\/2019\/09\/71168a_tmb.jpg?strip=all&w=2560\"><img decoding=\"async\" class=\"alignnone wp-image-231707\" src=\"https:\/\/efb7cwj5g4q.exactdn.com\/wp-content\/uploads\/2019\/09\/71168a_tmb.jpg?strip=all&resize=241%2C181\" alt=\"\" width=\"241\" height=\"181\" \/><\/a><\/td>\n<td style=\"width: 33.04%; text-align: center;\"><a href=\"https:\/\/efb7cwj5g4q.exactdn.com\/wp-content\/uploads\/2019\/09\/71168c_tmb.jpg?strip=all&w=2560\"><img decoding=\"async\" class=\"alignnone wp-image-231709\" src=\"https:\/\/efb7cwj5g4q.exactdn.com\/wp-content\/uploads\/2019\/09\/71168c_tmb.jpg?strip=all&resize=244%2C183\" alt=\"\" width=\"244\" height=\"183\" \/><\/a><\/td>\n<\/tr>\n<tr>\n<td style=\"width: 27.35%;\"><a href=\"https:\/\/efb7cwj5g4q.exactdn.com\/wp-content\/uploads\/2019\/09\/71168e_tmb.jpg?strip=all&w=2560\"><img decoding=\"async\" class=\"wp-image-231711 aligncenter\" src=\"https:\/\/efb7cwj5g4q.exactdn.com\/wp-content\/uploads\/2019\/09\/71168e_tmb.jpg?strip=all&resize=255%2C210\" alt=\"\" width=\"255\" height=\"210\" \/><\/a><\/td>\n<td style=\"width: 26.35%;\"><img decoding=\"async\" src=\"https:\/\/www.mitegen.com\/wp-content\/uploads\/2022\/03\/cryo-em-puck-color-guide.jpg\" alt=\"Guide des couleurs des rondelles Cryo-EM\" \/><\/td>\n<td style=\"width: 33.04%;\"><img decoding=\"async\" src=\"https:\/\/www.mitegen.com\/wp-content\/uploads\/2017\/08\/Cryo-em-pucks-lock-mitegen-300x119.jpg\" alt=\"Cryo EM Pucks verrouillent Mitegen\" \/><img decoding=\"async\" src=\"https:\/\/www.mitegen.com\/wp-content\/uploads\/2019\/03\/CEMG2-Puck-Magnets-300x225.jpg\" alt=\"Mitegen Cryo Em Pucks disposent d'aimants pour une r\u00e9tention s\u00e9curis\u00e9e.\" \/><\/td>\n<\/tr>\n<tr>\n<td style=\"width: 27.35%; text-align: center;\"><a href=\"https:\/\/efb7cwj5g4q.exactdn.com\/wp-content\/uploads\/2019\/09\/71168f_tmb.jpg?strip=all&w=2560\"><img decoding=\"async\" class=\"alignnone wp-image-231712\" src=\"https:\/\/efb7cwj5g4q.exactdn.com\/wp-content\/uploads\/2019\/09\/71168f_tmb.jpg?strip=all&resize=132%2C206\" alt=\"\" width=\"132\" height=\"206\" \/><\/a><\/td>\n<td style=\"width: 26.35%; text-align: center;\"><a href=\"https:\/\/efb7cwj5g4q.exactdn.com\/wp-content\/uploads\/2019\/09\/71168i_tmb.jpg?strip=all&w=2560\"><img decoding=\"async\" class=\"alignnone wp-image-231715\" src=\"https:\/\/efb7cwj5g4q.exactdn.com\/wp-content\/uploads\/2019\/09\/71168i_tmb.jpg?strip=all&resize=162%2C199\" alt=\"\" width=\"162\" height=\"199\" \/><\/a><\/td>\n<td style=\"width: 33.04%; text-align: center;\"><a href=\"https:\/\/efb7cwj5g4q.exactdn.com\/wp-content\/uploads\/2019\/09\/71168h_tmb.jpg?strip=all&w=2560\"><img decoding=\"async\" class=\"alignnone wp-image-231714\" src=\"https:\/\/efb7cwj5g4q.exactdn.com\/wp-content\/uploads\/2019\/09\/71168h_tmb.jpg?strip=all&resize=185%2C185\" alt=\"\" width=\"185\" height=\"185\" \/><\/a><\/td>\n<\/tr>\n<\/tbody>\n<\/table>\n","protected":false},"excerpt":{"rendered":"<p>La rondelle Cryo-EM MiTeGen de 2e g\u00e9n\u00e9ration est dot\u00e9e d&#8217;un code-barres.\u00a0Le code-barres peut \u00eatre personnalis\u00e9 GRATUITEMENT si vous le souhaitez.<\/p>\n","protected":false},"featured_media":306908,"comment_status":"open","ping_status":"closed","template":"","meta":{"_et_pb_use_builder":"","_et_pb_old_content":"","_et_gb_content_width":"","inline_featured_image":false},"product_brand":[1918],"product_cat":[1100,1101],"product_tag":[],"class_list":{"0":"post-306906","1":"product","2":"type-product","3":"status-publish","4":"has-post-thumbnail","6":"product_brand-mitegen","7":"product_cat-cryo-methodes-en","8":"product_cat-cryo-storage-grids-boxes-en","10":"first","11":"instock","12":"taxable","13":"shipping-taxable","14":"purchasable","15":"product-type-simple"},"yoast_head":"<!-- This site is optimized with the Yoast SEO plugin v27.4 - https:\/\/yoast.com\/product\/yoast-seo-wordpress\/ -->\n<title>Option de code-barres Cryo-EM Puck MITEGEN - Delta Microscopies<\/title>\n<meta name=\"robots\" content=\"index, follow, max-snippet:-1, max-image-preview:large, max-video-preview:-1\" \/>\n<link rel=\"canonical\" href=\"https:\/\/www.deltamicroscopies.com\/en\/products\/option-de-code-barres-cryo-em-puck-mitegen\/\" \/>\n<meta property=\"og:locale\" content=\"en_US\" \/>\n<meta property=\"og:type\" content=\"article\" \/>\n<meta property=\"og:title\" content=\"Option de code-barres Cryo-EM Puck MITEGEN - Delta Microscopies\" \/>\n<meta property=\"og:description\" content=\"La rondelle Cryo-EM MiTeGen de 2e g\u00e9n\u00e9ration est dot\u00e9e d&#039;un code-barres.\u00a0Le code-barres peut \u00eatre personnalis\u00e9 GRATUITEMENT si vous le souhaitez.\" \/>\n<meta property=\"og:url\" content=\"https:\/\/www.deltamicroscopies.com\/en\/products\/option-de-code-barres-cryo-em-puck-mitegen\/\" \/>\n<meta property=\"og:site_name\" content=\"Delta Microscopies\" \/>\n<meta property=\"article:modified_time\" content=\"2023-06-02T07:56:35+00:00\" \/>\n<meta property=\"og:image\" content=\"https:\/\/www.deltamicroscopies.com\/wp-content\/uploads\/2023\/06\/cryo-em-puck-barcode-option.jpg\" \/>\n\t<meta property=\"og:image:width\" content=\"600\" \/>\n\t<meta property=\"og:image:height\" content=\"450\" \/>\n\t<meta property=\"og:image:type\" content=\"image\/jpeg\" \/>\n<meta name=\"twitter:label1\" content=\"Est. reading time\" \/>\n\t<meta name=\"twitter:data1\" content=\"3 minutes\" \/>\n<!-- \/ Yoast SEO plugin. -->","yoast_head_json":{"title":"Option de code-barres Cryo-EM Puck MITEGEN - Delta Microscopies","robots":{"index":"index","follow":"follow","max-snippet":"max-snippet:-1","max-image-preview":"max-image-preview:large","max-video-preview":"max-video-preview:-1"},"canonical":"https:\/\/www.deltamicroscopies.com\/en\/products\/option-de-code-barres-cryo-em-puck-mitegen\/","og_locale":"en_US","og_type":"article","og_title":"Option de code-barres Cryo-EM Puck MITEGEN - Delta Microscopies","og_description":"La rondelle Cryo-EM MiTeGen de 2e g\u00e9n\u00e9ration est dot\u00e9e d'un code-barres.\u00a0Le code-barres peut \u00eatre personnalis\u00e9 GRATUITEMENT si vous le souhaitez.","og_url":"https:\/\/www.deltamicroscopies.com\/en\/products\/option-de-code-barres-cryo-em-puck-mitegen\/","og_site_name":"Delta Microscopies","article_modified_time":"2023-06-02T07:56:35+00:00","og_image":[{"width":600,"height":450,"url":"https:\/\/www.deltamicroscopies.com\/wp-content\/uploads\/2023\/06\/cryo-em-puck-barcode-option.jpg","type":"image\/jpeg"}],"twitter_misc":{"Est. reading time":"3 minutes"},"schema":{"@context":"https:\/\/schema.org","@graph":[{"@type":"WebPage","@id":"https:\/\/www.deltamicroscopies.com\/en\/products\/option-de-code-barres-cryo-em-puck-mitegen\/","url":"https:\/\/www.deltamicroscopies.com\/en\/products\/option-de-code-barres-cryo-em-puck-mitegen\/","name":"Option de code-barres Cryo-EM Puck MITEGEN - Delta Microscopies","isPartOf":{"@id":"https:\/\/www.deltamicroscopies.com\/en\/#website"},"primaryImageOfPage":{"@id":"https:\/\/www.deltamicroscopies.com\/en\/products\/option-de-code-barres-cryo-em-puck-mitegen\/#primaryimage"},"image":{"@id":"https:\/\/www.deltamicroscopies.com\/en\/products\/option-de-code-barres-cryo-em-puck-mitegen\/#primaryimage"},"thumbnailUrl":"https:\/\/efb7cwj5g4q.exactdn.com\/wp-content\/uploads\/2023\/06\/cryo-em-puck-barcode-option.jpg?strip=all","datePublished":"2023-06-02T07:47:36+00:00","dateModified":"2023-06-02T07:56:35+00:00","breadcrumb":{"@id":"https:\/\/www.deltamicroscopies.com\/en\/products\/option-de-code-barres-cryo-em-puck-mitegen\/#breadcrumb"},"inLanguage":"en-US","potentialAction":[{"@type":"ReadAction","target":["https:\/\/www.deltamicroscopies.com\/en\/products\/option-de-code-barres-cryo-em-puck-mitegen\/"]}]},{"@type":"ImageObject","inLanguage":"en-US","@id":"https:\/\/www.deltamicroscopies.com\/en\/products\/option-de-code-barres-cryo-em-puck-mitegen\/#primaryimage","url":"https:\/\/efb7cwj5g4q.exactdn.com\/wp-content\/uploads\/2023\/06\/cryo-em-puck-barcode-option.jpg?strip=all","contentUrl":"https:\/\/efb7cwj5g4q.exactdn.com\/wp-content\/uploads\/2023\/06\/cryo-em-puck-barcode-option.jpg?strip=all","width":600,"height":450},{"@type":"BreadcrumbList","@id":"https:\/\/www.deltamicroscopies.com\/en\/products\/option-de-code-barres-cryo-em-puck-mitegen\/#breadcrumb","itemListElement":[{"@type":"ListItem","position":1,"name":"Accueil","item":"https:\/\/www.deltamicroscopies.com\/en\/home-3\/"},{"@type":"ListItem","position":2,"name":"Our products","item":"https:\/\/www.deltamicroscopies.com\/en\/shop\/"},{"@type":"ListItem","position":3,"name":"Option de code-barres Cryo-EM Puck MITEGEN"}]},{"@type":"WebSite","@id":"https:\/\/www.deltamicroscopies.com\/en\/#website","url":"https:\/\/www.deltamicroscopies.com\/en\/","name":"Delta Microscopies","description":"Des microscopistes \u00e0 votre service.","publisher":{"@id":"https:\/\/www.deltamicroscopies.com\/en\/#organization"},"potentialAction":[{"@type":"SearchAction","target":{"@type":"EntryPoint","urlTemplate":"https:\/\/www.deltamicroscopies.com\/en\/?s={search_term_string}"},"query-input":{"@type":"PropertyValueSpecification","valueRequired":true,"valueName":"search_term_string"}}],"inLanguage":"en-US"},{"@type":"Organization","@id":"https:\/\/www.deltamicroscopies.com\/en\/#organization","name":"Delta Microscopies","url":"https:\/\/www.deltamicroscopies.com\/en\/","logo":{"@type":"ImageObject","inLanguage":"en-US","@id":"https:\/\/www.deltamicroscopies.com\/en\/#\/schema\/logo\/image\/","url":"https:\/\/efb7cwj5g4q.exactdn.com\/wp-content\/uploads\/2019\/09\/DELTAM_LOGO_RVB-1-1.png?strip=all&lossy=1&ssl=1","contentUrl":"https:\/\/efb7cwj5g4q.exactdn.com\/wp-content\/uploads\/2019\/09\/DELTAM_LOGO_RVB-1-1.png?strip=all&lossy=1&ssl=1","width":688,"height":177,"caption":"Delta Microscopies"},"image":{"@id":"https:\/\/www.deltamicroscopies.com\/en\/#\/schema\/logo\/image\/"},"sameAs":["https:\/\/www.instagram.com\/emsdiasum\/","https:\/\/www.youtube.com\/channel\/UCkSsQQq74DhyLXNg_9RPorQ"]}]}},"_links":{"self":[{"href":"https:\/\/www.deltamicroscopies.com\/en\/wp-json\/wp\/v2\/product\/306906","targetHints":{"allow":["GET"]}}],"collection":[{"href":"https:\/\/www.deltamicroscopies.com\/en\/wp-json\/wp\/v2\/product"}],"about":[{"href":"https:\/\/www.deltamicroscopies.com\/en\/wp-json\/wp\/v2\/types\/product"}],"replies":[{"embeddable":true,"href":"https:\/\/www.deltamicroscopies.com\/en\/wp-json\/wp\/v2\/comments?post=306906"}],"wp:featuredmedia":[{"embeddable":true,"href":"https:\/\/www.deltamicroscopies.com\/en\/wp-json\/wp\/v2\/media\/306908"}],"wp:attachment":[{"href":"https:\/\/www.deltamicroscopies.com\/en\/wp-json\/wp\/v2\/media?parent=306906"}],"wp:term":[{"taxonomy":"product_brand","embeddable":true,"href":"https:\/\/www.deltamicroscopies.com\/en\/wp-json\/wp\/v2\/product_brand?post=306906"},{"taxonomy":"product_cat","embeddable":true,"href":"https:\/\/www.deltamicroscopies.com\/en\/wp-json\/wp\/v2\/product_cat?post=306906"},{"taxonomy":"product_tag","embeddable":true,"href":"https:\/\/www.deltamicroscopies.com\/en\/wp-json\/wp\/v2\/product_tag?post=306906"}],"curies":[{"name":"wp","href":"https:\/\/api.w.org\/{rel}","templated":true}]}}